{"id":72,"date":"2012-07-03T10:28:14","date_gmt":"2012-07-03T10:28:14","guid":{"rendered":"http:\/\/www.medfotternapajorden.se\/wp\/?page_id=72"},"modified":"2012-07-26T23:43:09","modified_gmt":"2012-07-26T23:43:09","slug":"almas-liv-pa-landet","status":"publish","type":"page","link":"http:\/\/www.medfotternapajorden.se\/wp\/?page_id=72","title":{"rendered":"Almas liv p\u00e5 landet"},"content":{"rendered":"<p><a href=\"http:\/\/www.medfotternapajorden.se\/wp\/wp-content\/uploads\/2012\/07\/Omslag2_dragen.png\"><img decoding=\"async\" loading=\"lazy\" class=\"alignleft size-full wp-image-79\" title=\"Omslag2_dragen\" src=\"http:\/\/www.medfotternapajorden.se\/wp\/wp-content\/uploads\/2012\/07\/Omslag2_dragen.png\" alt=\"\" width=\"356\" height=\"540\" srcset=\"http:\/\/www.medfotternapajorden.se\/wp\/wp-content\/uploads\/2012\/07\/Omslag2_dragen.png 356w, http:\/\/www.medfotternapajorden.se\/wp\/wp-content\/uploads\/2012\/07\/Omslag2_dragen-197x300.png 197w\" sizes=\"(max-width: 356px) 100vw, 356px\" \/><\/a><\/p>\n<p>&nbsp;<\/p>\n<p>Id\u00e9n till sagoh\u00e4ftet \u201cAlmas liv p\u00e5 landet\u201d \u00e4r att de roliga illustrationerna gjorda av Jim \u00c5kerstedt i dokument\u00e4rfilmen \u201c Med f\u00f6tterna p\u00e5 jorden\u201d skulle komma fler till gl\u00e4dje \u00e4n bara de som ser filmen.<\/p>\n<p>D\u00e5 d\u00f6k id\u00e9n upp att \u201c\u00e5teranv\u00e4nda\u201d dem i en liten bok, f\u00f6ruts\u00e4ttningsl\u00f6st skriven av n\u00e5gra ungdomar p\u00e5 plats. Resultatet har blivit en ber\u00e4ttelse om \u201cAlmas liv p\u00e5 landet\u201d, en p\u00e5hittad historia av fyra 11-\u00e5ringar. Den har ingenting med handlingen i filmen \u201cMed f\u00f6tterna p\u00e5 jorden\u201d att g\u00f6ra.<\/p>\n<p><a href=\"http:\/\/www.medfotternapajorden.se\/wp\/wp-content\/uploads\/2012\/07\/Boken_13_dragen_1.png\"><img decoding=\"async\" loading=\"lazy\" class=\"alignleft size-full wp-image-75\" title=\"Boken_13_dragen_1\" src=\"http:\/\/www.medfotternapajorden.se\/wp\/wp-content\/uploads\/2012\/07\/Boken_13_dragen_1.png\" alt=\"\" width=\"321\" height=\"526\" srcset=\"http:\/\/www.medfotternapajorden.se\/wp\/wp-content\/uploads\/2012\/07\/Boken_13_dragen_1.png 321w, http:\/\/www.medfotternapajorden.se\/wp\/wp-content\/uploads\/2012\/07\/Boken_13_dragen_1-183x300.png 183w\" sizes=\"(max-width: 321px) 100vw, 321px\" \/><\/a><\/p>\n<p>&nbsp;<\/p>\n<p><a href=\"http:\/\/www.medfotternapajorden.se\/wp\/wp-content\/uploads\/2012\/07\/Boken_13_dragen.png\"><img decoding=\"async\" loading=\"lazy\" class=\"alignleft size-full wp-image-78\" title=\"Boken_13_dragen\" src=\"http:\/\/www.medfotternapajorden.se\/wp\/wp-content\/uploads\/2012\/07\/Boken_13_dragen.png\" alt=\"\" width=\"356\" height=\"488\" srcset=\"http:\/\/www.medfotternapajorden.se\/wp\/wp-content\/uploads\/2012\/07\/Boken_13_dragen.png 356w, http:\/\/www.medfotternapajorden.se\/wp\/wp-content\/uploads\/2012\/07\/Boken_13_dragen-218x300.png 218w\" sizes=\"(max-width: 356px) 100vw, 356px\" \/><\/a><\/p>\n<p>&nbsp;<\/p>\n<p><a href=\"http:\/\/www.medfotternapajorden.se\/wp\/wp-content\/uploads\/2012\/07\/Boken_13_dragen_2.png\"><img decoding=\"async\" loading=\"lazy\" class=\"alignleft size-full wp-image-76\" title=\"Boken_13_dragen_2\" src=\"http:\/\/www.medfotternapajorden.se\/wp\/wp-content\/uploads\/2012\/07\/Boken_13_dragen_2.png\" alt=\"\" width=\"356\" height=\"512\" srcset=\"http:\/\/www.medfotternapajorden.se\/wp\/wp-content\/uploads\/2012\/07\/Boken_13_dragen_2.png 356w, http:\/\/www.medfotternapajorden.se\/wp\/wp-content\/uploads\/2012\/07\/Boken_13_dragen_2-208x300.png 208w\" sizes=\"(max-width: 356px) 100vw, 356px\" \/><\/a><\/p>\n<p>&nbsp;<\/p>\n<p><a href=\"http:\/\/www.medfotternapajorden.se\/wp\/wp-content\/uploads\/2012\/07\/Boken_13_dragen_3.png\"><img decoding=\"async\" loading=\"lazy\" class=\"alignleft size-full wp-image-77\" title=\"Boken_13_dragen_3\" src=\"http:\/\/www.medfotternapajorden.se\/wp\/wp-content\/uploads\/2012\/07\/Boken_13_dragen_3.png\" alt=\"\" width=\"356\" height=\"512\" srcset=\"http:\/\/www.medfotternapajorden.se\/wp\/wp-content\/uploads\/2012\/07\/Boken_13_dragen_3.png 356w, http:\/\/www.medfotternapajorden.se\/wp\/wp-content\/uploads\/2012\/07\/Boken_13_dragen_3-208x300.png 208w\" sizes=\"(max-width: 356px) 100vw, 356px\" \/><\/a><\/p>\n<p>&nbsp;<\/p>\n","protected":false},"excerpt":{"rendered":"<p>&nbsp; Id\u00e9n till sagoh\u00e4ftet \u201cAlmas liv p\u00e5 landet\u201d \u00e4r att de roliga illustrationerna gjorda av Jim \u00c5kerstedt i dokument\u00e4rfilmen \u201c Med f\u00f6tterna p\u00e5 jorden\u201d skulle komma fler till gl\u00e4dje \u00e4n bara de som ser filmen. D\u00e5 d\u00f6k id\u00e9n upp att \u201c\u00e5teranv\u00e4nda\u201d dem i en liten bok, f\u00f6ruts\u00e4ttningsl\u00f6st skriven av n\u00e5gra ungdomar p\u00e5 plats. Resultatet har [&hellip;]<\/p>\n","protected":false},"author":1,"featured_media":0,"parent":0,"menu_order":3,"comment_status":"closed","ping_status":"open","template":"","meta":[],"_links":{"self":[{"href":"http:\/\/www.medfotternapajorden.se\/wp\/index.php?rest_route=\/wp\/v2\/pages\/72"}],"collection":[{"href":"http:\/\/www.medfotternapajorden.se\/wp\/index.php?rest_route=\/wp\/v2\/pages"}],"about":[{"href":"http:\/\/www.medfotternapajorden.se\/wp\/index.php?rest_route=\/wp\/v2\/types\/page"}],"author":[{"embeddable":true,"href":"http:\/\/www.medfotternapajorden.se\/wp\/index.php?rest_route=\/wp\/v2\/users\/1"}],"replies":[{"embeddable":true,"href":"http:\/\/www.medfotternapajorden.se\/wp\/index.php?rest_route=%2Fwp%2Fv2%2Fcomments&post=72"}],"version-history":[{"count":8,"href":"http:\/\/www.medfotternapajorden.se\/wp\/index.php?rest_route=\/wp\/v2\/pages\/72\/revisions"}],"predecessor-version":[{"id":140,"href":"http:\/\/www.medfotternapajorden.se\/wp\/index.php?rest_route=\/wp\/v2\/pages\/72\/revisions\/140"}],"wp:attachment":[{"href":"http:\/\/www.medfotternapajorden.se\/wp\/index.php?rest_route=%2Fwp%2Fv2%2Fmedia&parent=72"}],"curies":[{"name":"wp","href":"https:\/\/api.w.org\/{rel}","templated":true}]}}