{"id":58,"date":"2012-07-03T09:55:44","date_gmt":"2012-07-03T09:55:44","guid":{"rendered":"http:\/\/www.medfotternapajorden.se\/wp\/?page_id=58"},"modified":"2020-11-23T00:30:25","modified_gmt":"2020-11-23T00:30:25","slug":"med-fotterna-pa-jorden-original","status":"publish","type":"page","link":"http:\/\/www.medfotternapajorden.se\/wp\/","title":{"rendered":"V\u00e4lkomna"},"content":{"rendered":"<p>Augusti 2012<\/p>\n<p>\u201dMed f\u00f6tterna p\u00e5 jorden\u201d heter mitt senaste projekt gjort tillsammans med filmklipparen Olle Tannerg\u00e5rd, Flirmfilm, i H\u00f6k\u00f6pinge och Jim \u00c5kerstedt, riksspelman och tecknare fr\u00e5n T\u00e4by.<\/p>\n<p><a href=\"http:\/\/www.medfotternapajorden.se\/wp\/wp-content\/uploads\/2012\/07\/medfotternapajorden_omslag.jpg\"><img decoding=\"async\" loading=\"lazy\" class=\"alignleft size-full wp-image-67\" title=\"medfotternapajorden_omslag\" src=\"http:\/\/www.medfotternapajorden.se\/wp\/wp-content\/uploads\/2012\/07\/medfotternapajorden_omslag.jpg\" alt=\"\" width=\"800\" height=\"800\" srcset=\"http:\/\/www.medfotternapajorden.se\/wp\/wp-content\/uploads\/2012\/07\/medfotternapajorden_omslag.jpg 800w, http:\/\/www.medfotternapajorden.se\/wp\/wp-content\/uploads\/2012\/07\/medfotternapajorden_omslag-290x290.jpg 290w, http:\/\/www.medfotternapajorden.se\/wp\/wp-content\/uploads\/2012\/07\/medfotternapajorden_omslag-300x300.jpg 300w, http:\/\/www.medfotternapajorden.se\/wp\/wp-content\/uploads\/2012\/07\/medfotternapajorden_omslag-50x50.jpg 50w\" sizes=\"(max-width: 800px) 100vw, 800px\" \/><\/a><\/p>\n<p>&nbsp;<\/p>\n<p><strong>DETTA M\u00c5STE N\u00c5GON DOKUMENTERA<\/strong><\/p>\n<p>Detta alldeles egna, roliga ber\u00e4ttande om denna f\u00f6r oss utsocknes s\u00e5 annorlunda tillvaro p\u00e5 landsbygden M\u00c5STE n\u00e5gon dokumentera. Ett helt liv i en r\u00f6da stuga p\u00e5 landet. Ett liv dominerat av naturen, av h\u00e5rt arbete, av h\u00e4star och kor, i ett annorlunda Sverige, speglat med en s\u00e5dan humor som Aldors.<br \/>\nOch ibland speglat av b\u00e5de humor och Gunn! Hon som kom till byn som hans hush\u00e5llerska p\u00e5 1950-talet.<\/p>\n<p>Under flera \u00e5rs somrar och vintrar med f\u00f6r den delen, traskade v\u00e5r familj p\u00e5 Stormbos byv\u00e4g hem till v\u00e5rt sommarhus ungef\u00e4r en kilometer bort efter att ha bes\u00f6kt v\u00e5ra grannar, Aldor och Gunn Johansson. Alltid proppm\u00e4tta efter inmundigande av r\u00e5djur, \u00e4lg , raggmunk, kaffe och kakor. Och med deras ber\u00e4ttande i huvudet.<\/p>\n<p>N\u00e5gon bara M\u00c5STE dokumentera mina specialare till grannar, Aldor och Gunn, har jag d\u00e5 ideligen t\u00e4nkt. Det sista lantbrukarparet i byn Stormbo, utanf\u00f6r Ankarsrum.<\/p>\n<p><a href=\"http:\/\/www.medfotternapajorden.se\/wp\/wp-content\/uploads\/2012\/07\/flygbild_sommar.jpg\"><img decoding=\"async\" loading=\"lazy\" class=\"alignleft  wp-image-218\" title=\"flygbild_sommar\" src=\"http:\/\/www.medfotternapajorden.se\/wp\/wp-content\/uploads\/2012\/07\/flygbild_sommar-290x290.jpg\" alt=\"\" width=\"232\" height=\"232\" \/><\/a><\/p>\n<p><a href=\"http:\/\/www.medfotternapajorden.se\/wp\/wp-content\/uploads\/2012\/07\/flygbild_vinter.jpg\"><img decoding=\"async\" loading=\"lazy\" class=\"wp-image-220 alignright\" title=\"flygbild_vinter\" src=\"http:\/\/www.medfotternapajorden.se\/wp\/wp-content\/uploads\/2012\/07\/flygbild_vinter-290x290.jpg\" alt=\"\" width=\"232\" height=\"232\" srcset=\"http:\/\/www.medfotternapajorden.se\/wp\/wp-content\/uploads\/2012\/07\/flygbild_vinter-290x290.jpg 290w, http:\/\/www.medfotternapajorden.se\/wp\/wp-content\/uploads\/2012\/07\/flygbild_vinter-300x300.jpg 300w, http:\/\/www.medfotternapajorden.se\/wp\/wp-content\/uploads\/2012\/07\/flygbild_vinter.jpg 800w\" sizes=\"(max-width: 232px) 100vw, 232px\" \/><\/a><\/p>\n<p>&nbsp;<\/p>\n<p>&nbsp;<\/p>\n<p>&nbsp;<\/p>\n<p>&nbsp;<\/p>\n<p>&nbsp;<\/p>\n<p>&nbsp;<\/p>\n<p style=\"text-align: center;\"><em>Flygbilder \u00f6ver Aldor och Gunns g\u00e5rd i Stormbo. www.aerobilder.se<\/em><\/p>\n<p><strong>MED VIDEOKAMERNA OCH BANDSPELARE, 2005 &#8211; 2011<\/strong><\/p>\n<p>\u00c5r 2005 ins\u00e5g jag pl\u00f6tsligt att denna N\u00e5gon, det var helt enkelt jag. Med film hade jag arbetat men aldrig filmat sj\u00e4lv. Men vad tusan! En videokamera och en bandspelare k\u00f6ptes och varje g\u00e5ng jag var i v\u00e5rt Stormbohus, fram till 2011, k\u00e5nkade jag iv\u00e4g l\u00e4ngs byv\u00e4gen med min utrustning ofta tillsammans med v\u00e5r dotter Yohanna. In till all den goda maten, kaffet, kakorna, omsorgen, v\u00e4rmen, till Aldor och Gunn och till deras minnen och s\u00e4tt att se v\u00e4rlden.<\/p>\n<p style=\"text-align: center;\">\n<p><strong>PREMI\u00c4R I ANKARSRUM<br \/>\n<\/strong>Oktober 2011<\/p>\n<p><a href=\"http:\/\/www.medfotternapajorden.se\/wp\/wp-content\/uploads\/2012\/07\/Press-A-och-G_affisch1.jpg\"><img decoding=\"async\" loading=\"lazy\" class=\"size-full wp-image-86 alignnone\" title=\"Press-A-och-G_affisch\" src=\"http:\/\/www.medfotternapajorden.se\/wp\/wp-content\/uploads\/2012\/07\/Press-A-och-G_affisch1.jpg\" alt=\"\" width=\"534\" height=\"700\" srcset=\"http:\/\/www.medfotternapajorden.se\/wp\/wp-content\/uploads\/2012\/07\/Press-A-och-G_affisch1.jpg 534w, http:\/\/www.medfotternapajorden.se\/wp\/wp-content\/uploads\/2012\/07\/Press-A-och-G_affisch1-228x300.jpg 228w\" sizes=\"(max-width: 534px) 100vw, 534px\" \/><\/a><\/p>\n<p>Sex \u00e5r senare hade det blivit blev en film. Den skapades tillsammans med filmklipparen Olle Tannerg\u00e5rd i H\u00f6k\u00f6pinge.<\/p>\n<p>&nbsp;<\/p>\n<p style=\"text-align: center;\"><a href=\"http:\/\/www.medfotternapajorden.se\/wp\/wp-content\/uploads\/2012\/07\/OT.jpg\"><img decoding=\"async\" loading=\"lazy\" class=\"aligncenter\" title=\"Olle Tannerg\u00e5rd\" src=\"http:\/\/www.medfotternapajorden.se\/wp\/wp-content\/uploads\/2012\/07\/OT.jpg\" alt=\"\" width=\"450\" height=\"338\" \/><\/a><em style=\"text-align: center;\">Olle Tannerg\u00e5rd i studion.<\/em><\/p>\n<p>Premi\u00e4ren i Ankarsrum den 17 oktober 2011 blev en succ\u00e9. Den st\u00f6rsta lyckan f\u00f6r mig, min familj och Olle var och \u00e4r att Aldor och Gunn var glada \u00f6ver filmen och att Aldor som d\u00e5 var sv\u00e5rt sjuk hann att se filmen om sitt liv och s\u00e4ga att det var n\u00e5got av det b\u00e4sta som h\u00e4nt ! Sedan f\u00f6ljde flera lyckade f\u00f6rest\u00e4llningar i Ankarsrums Hembygdsf\u00f6renings regi.<\/p>\n<p>&nbsp;<\/p>\n<p><strong>PRESSKLIPP<\/strong><\/p>\n<p><a href=\"http:\/\/www.medfotternapajorden.se\/wp\/wp-content\/uploads\/2012\/07\/Press-VP_AochG.jpg\"><img decoding=\"async\" loading=\"lazy\" class=\"alignleft size-full wp-image-87\" title=\"Press-VP_AochG\" src=\"http:\/\/www.medfotternapajorden.se\/wp\/wp-content\/uploads\/2012\/07\/Press-VP_AochG.jpg\" alt=\"\" width=\"720\" height=\"700\" srcset=\"http:\/\/www.medfotternapajorden.se\/wp\/wp-content\/uploads\/2012\/07\/Press-VP_AochG.jpg 720w, http:\/\/www.medfotternapajorden.se\/wp\/wp-content\/uploads\/2012\/07\/Press-VP_AochG-300x291.jpg 300w, http:\/\/www.medfotternapajorden.se\/wp\/wp-content\/uploads\/2012\/07\/Press-VP_AochG-50x50.jpg 50w\" sizes=\"(max-width: 720px) 100vw, 720px\" \/><\/a><\/p>\n<p>&nbsp;<\/p>\n<p><a href=\"http:\/\/www.medfotternapajorden.se\/wp\/wp-content\/uploads\/2012\/07\/Press-A-o-G-A-13-2-ag.jpg\"><img decoding=\"async\" loading=\"lazy\" class=\"size-full wp-image-70 alignnone\" title=\"Press-A-o-G-A-13-2-ag\" src=\"http:\/\/www.medfotternapajorden.se\/wp\/wp-content\/uploads\/2012\/07\/Press-A-o-G-A-13-2-ag.jpg\" alt=\"\" width=\"628\" height=\"800\" srcset=\"http:\/\/www.medfotternapajorden.se\/wp\/wp-content\/uploads\/2012\/07\/Press-A-o-G-A-13-2-ag.jpg 628w, http:\/\/www.medfotternapajorden.se\/wp\/wp-content\/uploads\/2012\/07\/Press-A-o-G-A-13-2-ag-235x300.jpg 235w\" sizes=\"(max-width: 628px) 100vw, 628px\" \/><\/a><\/p>\n<p>&nbsp;<\/p>\n<p><strong>ANKARSRUMS HEMBYGDSF\u00d6RENING<\/strong><\/p>\n<p>Ankarsrums Hembygdsf\u00f6renings entusiasm och engagemang har lett till att jag med f\u00f6rtroende och tacksamhet \u00f6verl\u00e5tit visningsr\u00e4tt och distribution till den filmgrupp<br \/>\nde bildade.<\/p>\n<p style=\"text-align: center;\"><em><a href=\"http:\/\/www.medfotternapajorden.se\/wp\/wp-content\/uploads\/2012\/07\/Filmgruppen_original_450.jpg\"><br \/>\n<\/a><em><a href=\"http:\/\/www.medfotternapajorden.se\/wp\/wp-content\/uploads\/2012\/07\/Filmgruppen_original_450.jpg\"><img decoding=\"async\" loading=\"lazy\" title=\"Filmgruppen Ankarsrum\" src=\"http:\/\/www.medfotternapajorden.se\/wp\/wp-content\/uploads\/2012\/07\/Filmgruppen_original_450.jpg\" alt=\"\" width=\"450\" height=\"338\" \/><\/a><\/em><\/em><\/p>\n<p style=\"text-align: center;\"><em>Filmgruppen i Ankarsrums Hembygdsf\u00f6rening. Fr\u00e5n v\u00e4nster: Sven-Olof Nilsson,<\/em><br \/>\n<em> Britt-Louise Apell, Donald \u00d6fverberg och Ingemar Bodelsson.<\/em><\/p>\n<p><a title=\"Ankarsrums Hembygdsf\u00f6rening\" href=\"http:\/\/www.hembygd.se\/index.asp?Lev=27484\" target=\"_blank\">L\u00c4NK TILL HEMBYGDSF\u00d6RENINGEN<\/a><\/p>\n<p>Detta helt enkelt f\u00f6r att de tolkar min \u00f6nskan r\u00e4tt &#8211; att filmen ska visas p\u00e5 ett s\u00e4tt s\u00e5 att den kan inspirera m\u00e4nniskor som h\u00e5ller landsbygden levande. Inspirera till att n\u00e4r tid \u00e4nnu finns samla in och dokumentera g\u00e5rdagens roliga och viktiga minnen om livet p\u00e5 landsbygden genom ljud och bild. Det \u00e4r en viktig och sp\u00e4nnande dokumentation f\u00f6r nya generationer i den annorlunda v\u00e4rld som ligger alldeles bakom knuten.<\/p>\n<p>Och n\u00e4r man kommer p\u00e5 det \u00e4r det ofta f\u00f6r sent.<\/p>\n<p><a href=\"http:\/\/www.medfotternapajorden.se\/wp\/wp-content\/uploads\/2012\/07\/V-P-filmpris-Vera.jpg\"><img decoding=\"async\" loading=\"lazy\" class=\"alignleft size-full wp-image-197\" title=\"V\u00e4sterviks postens filmpris Vera\" src=\"http:\/\/www.medfotternapajorden.se\/wp\/wp-content\/uploads\/2012\/07\/V-P-filmpris-Vera.jpg\" alt=\"\" width=\"800\" height=\"705\" srcset=\"http:\/\/www.medfotternapajorden.se\/wp\/wp-content\/uploads\/2012\/07\/V-P-filmpris-Vera.jpg 800w, http:\/\/www.medfotternapajorden.se\/wp\/wp-content\/uploads\/2012\/07\/V-P-filmpris-Vera-300x264.jpg 300w, http:\/\/www.medfotternapajorden.se\/wp\/wp-content\/uploads\/2012\/07\/V-P-filmpris-Vera-340x300.jpg 340w\" sizes=\"(max-width: 800px) 100vw, 800px\" \/><\/a><\/p>\n<p>&nbsp;<\/p>\n<p><strong>TACK OCH LOV ATT JAG HANN!<\/strong><\/p>\n<p>Aldor Johansson, den siste brukande bonden i Stormbo gick ur tiden i maj 2012. I den r\u00f6da stugan i byn Stormbo, d\u00e4r generationer av arrenderande b\u00f6nder bott, bor nya \u00e4gare. Huset \u00e4r idag modernt renoverat. Aldors Gunn bor i en l\u00e4genhet i Ankarsrum. Idag hade filmen \u201dMed f\u00f6tterna p\u00e5 jorden\u201d varit ett helt om\u00f6jligt projekt. Ofta t\u00e4nker jag: Tack och lov att jag hann!<\/p>\n<p>&nbsp;<\/p>\n<p><strong>\u00d6VERBLIVNA FILMKLIPP<\/strong><\/p>\n<p>Det gick f\u00f6rst\u00e5s inte att kl\u00e4mma in alla filmade timmar i sj\u00e4lva filmen.<br \/>\nEn del av de \u00f6verblivna filmklippen finns h\u00e4r:<\/p>\n<p><a title=\"\u00d6verblivna klipp\" href=\"http:\/\/www.medfotternapajorden.se\/wp\/?page_id=117\">G\u00c5 TILL FILMSIDAN<\/a><\/p>\n<p>&nbsp;<\/p>\n<p>&nbsp;<\/p>\n<p><strong>MUSIKEN I FILMEN &#8211;\u00a0EN V\u00c4LSIGNAD SKIVA<br \/>\n<\/strong>Jim \u00c5kerstedt och jag arbetade ihop i reklambranschen p\u00e5 1970-talet.<\/p>\n<p><a href=\"http:\/\/www.medfotternapajorden.se\/wp\/wp-content\/uploads\/2012\/07\/Jim_skivomslag.jpg\"><img decoding=\"async\" loading=\"lazy\" class=\"alignleft size-full wp-image-189\" title=\"Jim-l\u00e5tar skivomslag\" src=\"http:\/\/www.medfotternapajorden.se\/wp\/wp-content\/uploads\/2012\/07\/Jim_skivomslag.jpg\" alt=\"\" width=\"600\" height=\"540\" srcset=\"http:\/\/www.medfotternapajorden.se\/wp\/wp-content\/uploads\/2012\/07\/Jim_skivomslag.jpg 600w, http:\/\/www.medfotternapajorden.se\/wp\/wp-content\/uploads\/2012\/07\/Jim_skivomslag-300x270.jpg 300w, http:\/\/www.medfotternapajorden.se\/wp\/wp-content\/uploads\/2012\/07\/Jim_skivomslag-333x300.jpg 333w\" sizes=\"(max-width: 600px) 100vw, 600px\" \/><\/a><\/p>\n<p>Nu f\u00f6r tiden \u00e4r han mest spelman, han spelar fiol och \u00e4r riksspelman p\u00e5 munspel. I present\u00a0 fick jag en skiva han spelat in. En v\u00e4lsignad skiva! F\u00f6r d\u00e4r var den musik som Olle och jag beh\u00f6vde f\u00f6r filmen.<\/p>\n<p><a title=\"Gladpack spelm\u00e4n\" href=\"http:\/\/www.gladpackspelm\u00e4n.se\">L\u00c4NK TILL GLADPACK SPELM\u00c4NS HEMSIDA<\/a><\/p>\n<p>F\u00e4rgpennorna fr\u00e5n reklamtiden hade han lagt av med sedan flera \u00e5r\u00a0 \u2013 men efter att ha sett skivomslaget tyckte Olle Tannerg\u00e5rd att jag i alla fall skulle f\u00f6rs\u00f6ka \u00f6vertala honom att g\u00e5 och skaffa nya \u2013 f\u00f6r ibland saknades det bilder. Det lyckades! S\u00e5 fort vi saknade en bild n\u00e4r vi satt och redigerade sade vi med en mun: Jim!<\/p>\n<p style=\"text-align: center;\"><a href=\"http:\/\/www.medfotternapajorden.se\/wp\/wp-content\/uploads\/2012\/07\/30__B-450.jpg\"><img decoding=\"async\" loading=\"lazy\" class=\"aligncenter\" title=\"Gl\u00e4djespridaren\" src=\"http:\/\/www.medfotternapajorden.se\/wp\/wp-content\/uploads\/2012\/07\/30__B-450.jpg\" alt=\"\" width=\"450\" height=\"319\" \/><\/a><a href=\"http:\/\/www.medfotternapajorden.se\/wp\/wp-content\/uploads\/2012\/07\/30__B-450.jpg\"><br \/>\n<\/a><\/p>\n<p><strong>DET VAR D\u00c5 DET, P\u00c5 1970-TALET&#8230;\u00a0<\/strong><\/p>\n<p style=\"text-align: center;\"><a href=\"http:\/\/www.medfotternapajorden.se\/wp\/wp-content\/uploads\/2012\/07\/Jim-och-jag-1971_300.jpg\"><img decoding=\"async\" loading=\"lazy\" class=\"aligncenter\" title=\"Jim och jag 1971\" src=\"http:\/\/www.medfotternapajorden.se\/wp\/wp-content\/uploads\/2012\/07\/Jim-och-jag-1971_300.jpg\" alt=\"\" width=\"300\" height=\"575\" \/><\/a><\/p>\n<p><a href=\"http:\/\/www.medfotternapajorden.se\/wp\/wp-content\/uploads\/2012\/07\/Jim-och-jag-1971_2-x.jpg\"><img decoding=\"async\" loading=\"lazy\" class=\"alignleft size-full wp-image-205\" title=\"Jim och jag 1971\" src=\"http:\/\/www.medfotternapajorden.se\/wp\/wp-content\/uploads\/2012\/07\/Jim-och-jag-1971_2-x.jpg\" alt=\"\" width=\"800\" height=\"555\" srcset=\"http:\/\/www.medfotternapajorden.se\/wp\/wp-content\/uploads\/2012\/07\/Jim-och-jag-1971_2-x.jpg 800w, http:\/\/www.medfotternapajorden.se\/wp\/wp-content\/uploads\/2012\/07\/Jim-och-jag-1971_2-x-300x208.jpg 300w, http:\/\/www.medfotternapajorden.se\/wp\/wp-content\/uploads\/2012\/07\/Jim-och-jag-1971_2-x-432x300.jpg 432w\" sizes=\"(max-width: 800px) 100vw, 800px\" \/><\/a><\/p>\n<p>&nbsp;<\/p>\n<p>S\u00e5\u00a0efter\u00a0n\u00e4stan 40 \u00e5r fick vi pl\u00f6tsligt kontakt\u00a0med varandra igen, i januari 2011.<\/p>\n<p style=\"text-align: center;\"><a href=\"http:\/\/www.medfotternapajorden.se\/wp\/wp-content\/uploads\/2012\/07\/servetkastning_2000.jpg\"><img decoding=\"async\" loading=\"lazy\" class=\"alignleft  wp-image-208\" title=\"N\u00e4r vi s\u00e5gs igen 2011\" src=\"http:\/\/www.medfotternapajorden.se\/wp\/wp-content\/uploads\/2012\/07\/servetkastning_2000.jpg\" alt=\"\" width=\"800\" height=\"442\" srcset=\"http:\/\/www.medfotternapajorden.se\/wp\/wp-content\/uploads\/2012\/07\/servetkastning_2000.jpg 800w, http:\/\/www.medfotternapajorden.se\/wp\/wp-content\/uploads\/2012\/07\/servetkastning_2000-300x165.jpg 300w, http:\/\/www.medfotternapajorden.se\/wp\/wp-content\/uploads\/2012\/07\/servetkastning_2000-500x276.jpg 500w\" sizes=\"(max-width: 800px) 100vw, 800px\" \/><\/a><em>N\u00e4r Jim och jag s\u00e5gs igen efter 40 \u00e5r!<\/em><\/p>\n<p>&nbsp;<\/p>\n<p><strong>PRICKEN \u00d6VER I<\/strong><\/p>\n<p>Vilken bonus! Vem hamnade 2011 p\u00e5 plats 34 bland Sveriges &#8221;hetaste lantisar&#8221; utsedda av tidningen Land? Om inte jag p\u00e5 grund av filmen \u201dMed f\u00f6tterna p\u00e5 jorden\u201d.<\/p>\n<p>Och vilken film hamnade p\u00e5 3:e plats p\u00e5 Filmfestivalen VERA p\u00e5 \u00c5land v\u00e5ren 2012? Om inte \u201dMed f\u00f6tterna p\u00e5 jorden\u201d.<\/p>\n<p><a href=\"http:\/\/www.medfotternapajorden.se\/wp\/wp-content\/uploads\/2012\/07\/Vera-Filmjournalen-ret.jpg\"><img decoding=\"async\" loading=\"lazy\" class=\"alignleft size-full wp-image-103\" title=\"Vera-Filmjournalen-ret\" src=\"http:\/\/www.medfotternapajorden.se\/wp\/wp-content\/uploads\/2012\/07\/Vera-Filmjournalen-ret.jpg\" alt=\"\" width=\"550\" height=\"751\" srcset=\"http:\/\/www.medfotternapajorden.se\/wp\/wp-content\/uploads\/2012\/07\/Vera-Filmjournalen-ret.jpg 550w, http:\/\/www.medfotternapajorden.se\/wp\/wp-content\/uploads\/2012\/07\/Vera-Filmjournalen-ret-219x300.jpg 219w\" sizes=\"(max-width: 550px) 100vw, 550px\" \/><\/a><\/p>\n","protected":false},"excerpt":{"rendered":"<p>Augusti 2012 \u201dMed f\u00f6tterna p\u00e5 jorden\u201d heter mitt senaste projekt gjort tillsammans med filmklipparen Olle Tannerg\u00e5rd, Flirmfilm, i H\u00f6k\u00f6pinge och Jim \u00c5kerstedt, riksspelman och tecknare fr\u00e5n T\u00e4by. &nbsp; DETTA M\u00c5STE N\u00c5GON DOKUMENTERA Detta alldeles egna, roliga ber\u00e4ttande om denna f\u00f6r oss utsocknes s\u00e5 annorlunda tillvaro p\u00e5 landsbygden M\u00c5STE n\u00e5gon dokumentera. Ett helt liv i en [&hellip;]<\/p>\n","protected":false},"author":1,"featured_media":0,"parent":0,"menu_order":0,"comment_status":"closed","ping_status":"open","template":"","meta":[],"_links":{"self":[{"href":"http:\/\/www.medfotternapajorden.se\/wp\/index.php?rest_route=\/wp\/v2\/pages\/58"}],"collection":[{"href":"http:\/\/www.medfotternapajorden.se\/wp\/index.php?rest_route=\/wp\/v2\/pages"}],"about":[{"href":"http:\/\/www.medfotternapajorden.se\/wp\/index.php?rest_route=\/wp\/v2\/types\/page"}],"author":[{"embeddable":true,"href":"http:\/\/www.medfotternapajorden.se\/wp\/index.php?rest_route=\/wp\/v2\/users\/1"}],"replies":[{"embeddable":true,"href":"http:\/\/www.medfotternapajorden.se\/wp\/index.php?rest_route=%2Fwp%2Fv2%2Fcomments&post=58"}],"version-history":[{"count":86,"href":"http:\/\/www.medfotternapajorden.se\/wp\/index.php?rest_route=\/wp\/v2\/pages\/58\/revisions"}],"predecessor-version":[{"id":235,"href":"http:\/\/www.medfotternapajorden.se\/wp\/index.php?rest_route=\/wp\/v2\/pages\/58\/revisions\/235"}],"wp:attachment":[{"href":"http:\/\/www.medfotternapajorden.se\/wp\/index.php?rest_route=%2Fwp%2Fv2%2Fmedia&parent=58"}],"curies":[{"name":"wp","href":"https:\/\/api.w.org\/{rel}","templated":true}]}}